{"id":101,"date":"2013-10-03T17:42:16","date_gmt":"2013-10-03T17:42:16","guid":{"rendered":"http:\/\/www.hireimmigrantsottawa.ca\/?page_id=101"},"modified":"2021-03-09T13:22:27","modified_gmt":"2021-03-09T18:22:27","slug":"communiques-de-presse","status":"publish","type":"page","link":"https:\/\/www.hireimmigrantsottawa.ca\/fr\/centre-des-medias\/communiques-de-presse\/","title":{"rendered":"Communiqu\u00e9s de presse"},"content":{"rendered":"<p><strong>2021<\/strong><\/p>\n<ul>\n<li>Le 9 mars 2021: <a href=\"http:\/\/www.hireimmigrantsottawa.ca\/wp-content\/uploads\/2021\/03\/2021_HIO-Summit-Media-Release-FR.pdf\">Le Conseil des employeurs champions c\u00e9l\u00e8bre trois employeurs d\u2019Ottawa pour leur excellence en mati\u00e8re d\u2019emploi pour les immigrants<\/a><\/li>\n<\/ul>\n<p><strong>2020<\/strong><\/p>\n<ul>\n<li>Le 11 mars 2020: <a href=\"http:\/\/www.hireimmigrantsottawa.ca\/wp-content\/uploads\/2020\/03\/2020_HIO-Summit-Media-Release-FR.pdf\">Trois employeurs d\u2019Ottawa re\u00e7oivent des prix d\u2019excellence en mati\u00e8re d\u2019emploi pour les immigrants<\/a><\/li>\n<\/ul>\n<p><strong>2014<\/strong><\/p>\n<ul>\n<li>Le 19 mars 2014:\u00a0<a title=\"Sommet 2014 du Conseil des employeurs champions et Prix \" href=\"http:\/\/www.hireimmigrantsottawa.ca\/wp-content\/uploads\/2014\/03\/2014_HIO_SummitRelease_FR.pdf\" target=\"_blank\" rel=\"noopener noreferrer\">Sommet du Conseil des employeurs champions et Prix<\/a><\/li>\n<\/ul>\n<p><strong>2013<\/strong><\/p>\n<ul>\n<li>Le 6 mars 2013:\u00a0<a href=\"http:\/\/www.hireimmigrantsottawa.ca\/downloads\/2013HIOSummitNewsRelease_FR.PDF\">Des employeurs locaux \u00e0 l\u2019honneur lors du Sommet de 2013 du CEE<\/a><\/li>\n<\/ul>\n<p><strong>2012<\/strong><\/p>\n<ul>\n<li>Le 7 mars 2012:\u00a0<a href=\"http:\/\/www.hireimmigrantsottawa.ca\/downloads\/2012HIOSummitMediaReleaseFR.pdf\">Des employeurs locaux \u00e0 l\u2019honneur lors du Sommet de 2012 du CEE<\/a><\/li>\n<\/ul>\n<p><strong>2011<\/strong><\/p>\n<ul>\n<li>Le lundi 15 ao\u00fbt 2011:\u00a0<a title=\"Embauche immigrants Ottawa obtient un financement pour l\u2019\u00e9laboration d\u2019un mod\u00e8le collaboratif de programmes de mentorat pour les immigrants\" href=\"http:\/\/www.hireimmigrantsottawa.ca\/fr\/embauche-immigrants-ottawa-obtient-un-financement-pour-lelaboration-dun-modele-collaboratif-de-programmes-de-mentorat-pour-les-immigrants\/\">Embauche immigrants Ottawa obtient un financement pour l\u2019\u00e9laboration d\u2019un mod\u00e8le collaboratif de programmes de mentorat pour les immigrants<\/a><\/li>\n<li>Le 9 mars 2011:\u00a0<a href=\"http:\/\/www.hireimmigrantsottawa.ca\/downloads\/laBanqueScotiaduConseildesemployeurschampions.pdf\" target=\"_blank\" rel=\"noopener noreferrer\">Nouveau copr\u00e9sident en provenance de la Banque Scotia du Conseil des employeurs champions<\/a><\/li>\n<li>Le 9 mars 2011:\u00a0<a href=\"http:\/\/www.hireimmigrantsottawa.ca\/downloads\/2011Summit_MEDIA_RELEASE-FR.pdf\">Des employeurs locaux \u00e0 l\u2019honneur lors du Sommet de 2011 du CEE<\/a><\/li>\n<\/ul>\n<p><strong>2010<\/strong><\/p>\n<ul>\n<li>Le 8 novembre, 2010:\u00a0<a href=\"http:\/\/www.hireimmigrantsottawa.ca\/downloads\/2011_Prix_employeur_excellence.pdf\" target=\"_blank\" rel=\"noopener noreferrer\">Appel de candidatures pour les Prix employeur d\u2019excellence de 2011<\/a><\/li>\n<li>Le 16 septembre, 2010:\u00a0<a title=\"Le gouvernement de l\u2019Ontario annonce un financement pour des programmes-relais d\u2019Ottawa\" href=\"http:\/\/www.hireimmigrantsottawa.ca\/fr\/le-gouvernement-de-lontario-annonce-un-financement-pour-des-programmes-relais-dottawa\/\">Le gouvernement de l\u2019Ontario annonce un financement pour des programmes-relais d\u2019Ottawa<\/a><\/li>\n<li>Le 8 avril 2010:\u00a0<a href=\"http:\/\/www.hireimmigrantsottawa.ca\/downloads\/KroegerRelease-FR.pdf\" target=\"_blank\" rel=\"noopener noreferrer\">Embauche immigrants Ottawa remporte un Prix Arthur Kroeger<\/a><\/li>\n<li>Le 24 mars 2010:\u00a0<a href=\"http:\/\/www.hireimmigrantsottawa.ca\/downloads\/2010SummitRelease-FR.pdf\" target=\"_blank\" rel=\"noopener noreferrer\">Des employeurs locaux c\u00e9l\u00e9br\u00e9s au Sommet 2010 du CEC<\/a><\/li>\n<\/ul>\n<p><strong>2009<\/strong><\/p>\n<ul>\n<li>Le 20 mai 2009 :\u00a0<a href=\"http:\/\/www.hireimmigrantsottawa.ca\/downloads\/Media%20Release-HIO%20Funding%20Renewal%20FR.pdf\" target=\"_blank\" rel=\"noopener noreferrer\">Embauche immigrants Ottawa obtient le renouvellement de son financement du gouvernement de l\u2019Ontario<\/a><\/li>\n<li>1er avril 2009:\u00a0<a href=\"http:\/\/www.hireimmigrantsottawa.ca\/downloads\/2009%20HIO%20Summit%20Release%20FRE.pdf\" target=\"_blank\" rel=\"noopener noreferrer\">Des employeurs locaux sont honor\u00e9s \u00e0 l\u2019occasion du Sommet 2009 des employeurs champions d\u2019EIO<\/a><\/li>\n<\/ul>\n","protected":false},"excerpt":{"rendered":"<p>2021 Le 9 mars 2021: Le Conseil des employeurs champions c\u00e9l\u00e8bre trois employeurs d\u2019Ottawa pour leur excellence en mati\u00e8re d\u2019emploi pour les immigrants 2020 Le 11 mars 2020: Trois employeurs [&hellip;]<\/p>\n","protected":false},"author":12,"featured_media":0,"parent":86,"menu_order":0,"comment_status":"open","ping_status":"closed","template":"media-centre.php","meta":{"_exactmetrics_skip_tracking":false,"_exactmetrics_sitenote_active":false,"_exactmetrics_sitenote_note":"","_exactmetrics_sitenote_category":0,"footnotes":"","_links_to":"","_links_to_target":""},"class_list":["post-101","page","type-page","status-publish","hentry"],"yoast_head":"<!-- This site is optimized with the Yoast SEO plugin v27.2 - https:\/\/yoast.com\/product\/yoast-seo-wordpress\/ -->\n<title>Communiqu\u00e9s de presse - Hire Immigrants Ottawa<\/title>\n<meta name=\"robots\" content=\"index, follow, max-snippet:-1, max-image-preview:large, max-video-preview:-1\" \/>\n<link rel=\"canonical\" href=\"https:\/\/www.hireimmigrantsottawa.ca\/fr\/centre-des-medias\/communiques-de-presse\/\" \/>\n<meta property=\"og:locale\" content=\"fr_FR\" \/>\n<meta property=\"og:type\" content=\"article\" \/>\n<meta property=\"og:title\" content=\"Communiqu\u00e9s de presse - Hire Immigrants Ottawa\" \/>\n<meta property=\"og:description\" content=\"2021 Le 9 mars 2021: Le Conseil des employeurs champions c\u00e9l\u00e8bre trois employeurs d\u2019Ottawa pour leur excellence en mati\u00e8re d\u2019emploi pour les immigrants 2020 Le 11 mars 2020: Trois employeurs [&hellip;]\" \/>\n<meta property=\"og:url\" content=\"https:\/\/www.hireimmigrantsottawa.ca\/fr\/centre-des-medias\/communiques-de-presse\/\" \/>\n<meta property=\"og:site_name\" content=\"Hire Immigrants Ottawa\" \/>\n<meta property=\"article:modified_time\" content=\"2021-03-09T18:22:27+00:00\" \/>\n<meta property=\"og:image\" content=\"https:\/\/www.hireimmigrantsottawa.ca\/wp-content\/uploads\/2017\/02\/hio-screenshot.png\" \/>\n\t<meta property=\"og:image:width\" content=\"781\" \/>\n\t<meta property=\"og:image:height\" content=\"429\" \/>\n\t<meta property=\"og:image:type\" content=\"image\/png\" \/>\n<meta name=\"twitter:card\" content=\"summary_large_image\" \/>\n<meta name=\"twitter:site\" content=\"@HireImmOttawa\" \/>\n<meta name=\"twitter:label1\" content=\"Dur\u00e9e de lecture estim\u00e9e\" \/>\n\t<meta name=\"twitter:data1\" content=\"2 minutes\" \/>\n<script type=\"application\/ld+json\" class=\"yoast-schema-graph\">{\"@context\":\"https:\/\/schema.org\",\"@graph\":[{\"@type\":\"WebPage\",\"@id\":\"https:\/\/www.hireimmigrantsottawa.ca\/fr\/centre-des-medias\/communiques-de-presse\/\",\"url\":\"https:\/\/www.hireimmigrantsottawa.ca\/fr\/centre-des-medias\/communiques-de-presse\/\",\"name\":\"Communiqu\u00e9s de presse - Hire Immigrants Ottawa\",\"isPartOf\":{\"@id\":\"https:\/\/www.hireimmigrantsottawa.ca\/#website\"},\"datePublished\":\"2013-10-03T17:42:16+00:00\",\"dateModified\":\"2021-03-09T18:22:27+00:00\",\"breadcrumb\":{\"@id\":\"https:\/\/www.hireimmigrantsottawa.ca\/fr\/centre-des-medias\/communiques-de-presse\/#breadcrumb\"},\"inLanguage\":\"fr-FR\",\"potentialAction\":[{\"@type\":\"ReadAction\",\"target\":[\"https:\/\/www.hireimmigrantsottawa.ca\/fr\/centre-des-medias\/communiques-de-presse\/\"]}]},{\"@type\":\"BreadcrumbList\",\"@id\":\"https:\/\/www.hireimmigrantsottawa.ca\/fr\/centre-des-medias\/communiques-de-presse\/#breadcrumb\",\"itemListElement\":[{\"@type\":\"ListItem\",\"position\":1,\"name\":\"Home\",\"item\":\"https:\/\/www.hireimmigrantsottawa.ca\/\"},{\"@type\":\"ListItem\",\"position\":2,\"name\":\"Centre des m\u00e9dias\",\"item\":\"https:\/\/www.hireimmigrantsottawa.ca\/fr\/centre-des-medias\/\"},{\"@type\":\"ListItem\",\"position\":3,\"name\":\"Communiqu\u00e9s de presse\"}]},{\"@type\":\"WebSite\",\"@id\":\"https:\/\/www.hireimmigrantsottawa.ca\/#website\",\"url\":\"https:\/\/www.hireimmigrantsottawa.ca\/\",\"name\":\"Hire Immigrants Ottawa\",\"description\":\"increases the capacity of employers to attract and integrate skilled immigrants\",\"publisher\":{\"@id\":\"https:\/\/www.hireimmigrantsottawa.ca\/#organization\"},\"potentialAction\":[{\"@type\":\"SearchAction\",\"target\":{\"@type\":\"EntryPoint\",\"urlTemplate\":\"https:\/\/www.hireimmigrantsottawa.ca\/?s={search_term_string}\"},\"query-input\":{\"@type\":\"PropertyValueSpecification\",\"valueRequired\":true,\"valueName\":\"search_term_string\"}}],\"inLanguage\":\"fr-FR\"},{\"@type\":\"Organization\",\"@id\":\"https:\/\/www.hireimmigrantsottawa.ca\/#organization\",\"name\":\"Hire Immigrants Ottawa\",\"url\":\"https:\/\/www.hireimmigrantsottawa.ca\/\",\"logo\":{\"@type\":\"ImageObject\",\"inLanguage\":\"fr-FR\",\"@id\":\"https:\/\/www.hireimmigrantsottawa.ca\/#\/schema\/logo\/image\/\",\"url\":\"https:\/\/www.hireimmigrantsottawa.ca\/wp-content\/uploads\/2023\/10\/hio-logo_bow_EN_web.png\",\"contentUrl\":\"https:\/\/www.hireimmigrantsottawa.ca\/wp-content\/uploads\/2023\/10\/hio-logo_bow_EN_web.png\",\"width\":745,\"height\":160,\"caption\":\"Hire Immigrants Ottawa\"},\"image\":{\"@id\":\"https:\/\/www.hireimmigrantsottawa.ca\/#\/schema\/logo\/image\/\"},\"sameAs\":[\"https:\/\/x.com\/HireImmOttawa\",\"https:\/\/www.youtube.com\/user\/hireimmigrantsottawa\"]}]}<\/script>\n<!-- \/ Yoast SEO plugin. -->","yoast_head_json":{"title":"Communiqu\u00e9s de presse - Hire Immigrants Ottawa","robots":{"index":"index","follow":"follow","max-snippet":"max-snippet:-1","max-image-preview":"max-image-preview:large","max-video-preview":"max-video-preview:-1"},"canonical":"https:\/\/www.hireimmigrantsottawa.ca\/fr\/centre-des-medias\/communiques-de-presse\/","og_locale":"fr_FR","og_type":"article","og_title":"Communiqu\u00e9s de presse - Hire Immigrants Ottawa","og_description":"2021 Le 9 mars 2021: Le Conseil des employeurs champions c\u00e9l\u00e8bre trois employeurs d\u2019Ottawa pour leur excellence en mati\u00e8re d\u2019emploi pour les immigrants 2020 Le 11 mars 2020: Trois employeurs [&hellip;]","og_url":"https:\/\/www.hireimmigrantsottawa.ca\/fr\/centre-des-medias\/communiques-de-presse\/","og_site_name":"Hire Immigrants Ottawa","article_modified_time":"2021-03-09T18:22:27+00:00","og_image":[{"width":781,"height":429,"url":"https:\/\/www.hireimmigrantsottawa.ca\/wp-content\/uploads\/2017\/02\/hio-screenshot.png","type":"image\/png"}],"twitter_card":"summary_large_image","twitter_site":"@HireImmOttawa","twitter_misc":{"Dur\u00e9e de lecture estim\u00e9e":"2 minutes"},"schema":{"@context":"https:\/\/schema.org","@graph":[{"@type":"WebPage","@id":"https:\/\/www.hireimmigrantsottawa.ca\/fr\/centre-des-medias\/communiques-de-presse\/","url":"https:\/\/www.hireimmigrantsottawa.ca\/fr\/centre-des-medias\/communiques-de-presse\/","name":"Communiqu\u00e9s de presse - Hire Immigrants Ottawa","isPartOf":{"@id":"https:\/\/www.hireimmigrantsottawa.ca\/#website"},"datePublished":"2013-10-03T17:42:16+00:00","dateModified":"2021-03-09T18:22:27+00:00","breadcrumb":{"@id":"https:\/\/www.hireimmigrantsottawa.ca\/fr\/centre-des-medias\/communiques-de-presse\/#breadcrumb"},"inLanguage":"fr-FR","potentialAction":[{"@type":"ReadAction","target":["https:\/\/www.hireimmigrantsottawa.ca\/fr\/centre-des-medias\/communiques-de-presse\/"]}]},{"@type":"BreadcrumbList","@id":"https:\/\/www.hireimmigrantsottawa.ca\/fr\/centre-des-medias\/communiques-de-presse\/#breadcrumb","itemListElement":[{"@type":"ListItem","position":1,"name":"Home","item":"https:\/\/www.hireimmigrantsottawa.ca\/"},{"@type":"ListItem","position":2,"name":"Centre des m\u00e9dias","item":"https:\/\/www.hireimmigrantsottawa.ca\/fr\/centre-des-medias\/"},{"@type":"ListItem","position":3,"name":"Communiqu\u00e9s de presse"}]},{"@type":"WebSite","@id":"https:\/\/www.hireimmigrantsottawa.ca\/#website","url":"https:\/\/www.hireimmigrantsottawa.ca\/","name":"Hire Immigrants Ottawa","description":"increases the capacity of employers to attract and integrate skilled immigrants","publisher":{"@id":"https:\/\/www.hireimmigrantsottawa.ca\/#organization"},"potentialAction":[{"@type":"SearchAction","target":{"@type":"EntryPoint","urlTemplate":"https:\/\/www.hireimmigrantsottawa.ca\/?s={search_term_string}"},"query-input":{"@type":"PropertyValueSpecification","valueRequired":true,"valueName":"search_term_string"}}],"inLanguage":"fr-FR"},{"@type":"Organization","@id":"https:\/\/www.hireimmigrantsottawa.ca\/#organization","name":"Hire Immigrants Ottawa","url":"https:\/\/www.hireimmigrantsottawa.ca\/","logo":{"@type":"ImageObject","inLanguage":"fr-FR","@id":"https:\/\/www.hireimmigrantsottawa.ca\/#\/schema\/logo\/image\/","url":"https:\/\/www.hireimmigrantsottawa.ca\/wp-content\/uploads\/2023\/10\/hio-logo_bow_EN_web.png","contentUrl":"https:\/\/www.hireimmigrantsottawa.ca\/wp-content\/uploads\/2023\/10\/hio-logo_bow_EN_web.png","width":745,"height":160,"caption":"Hire Immigrants Ottawa"},"image":{"@id":"https:\/\/www.hireimmigrantsottawa.ca\/#\/schema\/logo\/image\/"},"sameAs":["https:\/\/x.com\/HireImmOttawa","https:\/\/www.youtube.com\/user\/hireimmigrantsottawa"]}]}},"_links":{"self":[{"href":"https:\/\/www.hireimmigrantsottawa.ca\/fr\/wp-json\/wp\/v2\/pages\/101","targetHints":{"allow":["GET"]}}],"collection":[{"href":"https:\/\/www.hireimmigrantsottawa.ca\/fr\/wp-json\/wp\/v2\/pages"}],"about":[{"href":"https:\/\/www.hireimmigrantsottawa.ca\/fr\/wp-json\/wp\/v2\/types\/page"}],"author":[{"embeddable":true,"href":"https:\/\/www.hireimmigrantsottawa.ca\/fr\/wp-json\/wp\/v2\/users\/12"}],"replies":[{"embeddable":true,"href":"https:\/\/www.hireimmigrantsottawa.ca\/fr\/wp-json\/wp\/v2\/comments?post=101"}],"version-history":[{"count":9,"href":"https:\/\/www.hireimmigrantsottawa.ca\/fr\/wp-json\/wp\/v2\/pages\/101\/revisions"}],"predecessor-version":[{"id":6843,"href":"https:\/\/www.hireimmigrantsottawa.ca\/fr\/wp-json\/wp\/v2\/pages\/101\/revisions\/6843"}],"up":[{"embeddable":true,"href":"https:\/\/www.hireimmigrantsottawa.ca\/fr\/wp-json\/wp\/v2\/pages\/86"}],"wp:attachment":[{"href":"https:\/\/www.hireimmigrantsottawa.ca\/fr\/wp-json\/wp\/v2\/media?parent=101"}],"curies":[{"name":"wp","href":"https:\/\/api.w.org\/{rel}","templated":true}]}}